{"id":32,"date":"2023-12-23T17:10:27","date_gmt":"2023-12-23T17:10:27","guid":{"rendered":"https:\/\/somoswatsonville.com\/?page_id=32"},"modified":"2024-02-13T20:42:41","modified_gmt":"2024-02-14T04:42:41","slug":"volunteer","status":"publish","type":"page","link":"https:\/\/somoswatsonville.com\/es\/volunteer\/","title":{"rendered":"Voluntario"},"content":{"rendered":"<h1>\n\t\tVoluntario con nosotros\n\t<\/h1>\n\t<p>Como quieras ayudar, aqu\u00ed hay un lugar para ti.\u00a0<\/p>\n\t<div class=\"wpforms-container wpforms-container-full wpforms-render-modern\" id=\"wpforms-172\"><form id=\"wpforms-form-172\" class=\"wpforms-validate wpforms-form wpforms-ajax-form\" data-formid=\"172\" method=\"post\" enctype=\"multipart\/form-data\" action=\"\/es\/wp-json\/wp\/v2\/pages\/32\" data-token=\"9ec4854f6b1038857b1dd1f806de06ea\" data-token-time=\"1777045255\" data-trp-original-action=\"\/es\/wp-json\/wp\/v2\/pages\/32\"><noscript class=\"wpforms-error-noscript\">Por favor, activa JavaScript en tu navegador para completar este formulario.<\/noscript><div id=\"wpforms-error-noscript\" style=\"display: none;\">Por favor, activa JavaScript en tu navegador para completar este formulario.<\/div><div class=\"wpforms-field-container\"><div id=\"wpforms-172-field_1-container\" class=\"wpforms-field wpforms-field-checkbox\" data-field-id=\"1\"><fieldset><legend class=\"wpforms-field-label\">Reg\u00edstrate para:<\/legend><ul id=\"wpforms-172-field_1\"><li class=\"choice-1 depth-1\"><input type=\"checkbox\" id=\"wpforms-172-field_1_1\" name=\"wpforms[fields][1][]\" value=\"Barista help: Help us keep the shop open while learning a new skill and meeting new people\" aria-errormessage=\"wpforms-172-field_1_1-error\"  ><label class=\"wpforms-field-label-inline\" for=\"wpforms-172-field_1_1\">Ayuda de barista: Ay\u00fadanos a mantener la tienda abierta mientras aprendes una nueva habilidad y conoces gente nueva.<\/label><\/li><li class=\"choice-2 depth-1\"><input type=\"checkbox\" id=\"wpforms-172-field_1_2\" name=\"wpforms[fields][1][]\" value=\"Homework help: Volunteer to help High School students with their homework.\" aria-errormessage=\"wpforms-172-field_1_2-error\"  ><label class=\"wpforms-field-label-inline\" for=\"wpforms-172-field_1_2\">Ayuda con las tareas: Ofr\u00e9zcase voluntario para ayudar a los estudiantes de secundaria con sus tareas.<\/label><\/li><li class=\"choice-3 depth-1\"><input type=\"checkbox\" id=\"wpforms-172-field_1_3\" name=\"wpforms[fields][1][]\" value=\"Event planning: Volunteer to host a workshop, teach a skill, or plan an event that will bring the community together. Whatever you\u2019re passionate about, we\u2019re happy to host you as you find a community of people who share your passion!\" aria-errormessage=\"wpforms-172-field_1_3-error\"  ><label class=\"wpforms-field-label-inline\" for=\"wpforms-172-field_1_3\">Planificaci\u00f3n de eventos: Ofr\u00e9zcase como voluntario para organizar un taller, ense\u00f1ar una habilidad o planear un evento que unir\u00e1 a la comunidad. \u00a1Sea lo que sea lo que te apasione, estaremos encantados de recibirte mientras encuentras una comunidad de personas que comparten tu pasi\u00f3n!<\/label><\/li><li class=\"choice-5 depth-1\"><input type=\"checkbox\" id=\"wpforms-172-field_1_5\" name=\"wpforms[fields][1][]\" value=\"Maintenance &amp; Decoration: Have an idea for how we can improve the space and the motivation to follow it through? We\u2019d love your help. Volunteer to lend your skilled hand in art, carpentry, landscaping, administration, or whatever else.\" aria-errormessage=\"wpforms-172-field_1_5-error\"  ><label class=\"wpforms-field-label-inline\" for=\"wpforms-172-field_1_5\">Mantenimiento y Decoraci\u00f3n: \u00bfTiene una idea de c\u00f3mo podemos mejorar el espacio y la motivaci\u00f3n para seguir adelante? Nos encantar\u00eda tu ayuda. Ofr\u00e9zcase como voluntario para prestar su mano experta en arte, carpinter\u00eda, jardiner\u00eda, administraci\u00f3n o cualquier otra cosa.<\/label><\/li><li class=\"choice-6 depth-1\"><input type=\"checkbox\" id=\"wpforms-172-field_1_6\" name=\"wpforms[fields][1][]\" value=\"Other\" aria-errormessage=\"wpforms-172-field_1_6-error\"  ><label class=\"wpforms-field-label-inline\" for=\"wpforms-172-field_1_6\">Otro<\/label><\/li><\/ul><\/fieldset><\/div><div id=\"wpforms-172-field_2-container\" class=\"wpforms-field wpforms-field-name\" data-field-id=\"2\"><label class=\"wpforms-field-label\" for=\"wpforms-172-field_2\">Nombre <span class=\"wpforms-required-label\" aria-hidden=\"true\">*<\/span><\/label><input type=\"text\" id=\"wpforms-172-field_2\" class=\"wpforms-field-medium wpforms-field-required\" name=\"wpforms[fields][2]\" aria-errormessage=\"wpforms-172-field_2-error\" required><\/div><div id=\"wpforms-172-field_3-container\" class=\"wpforms-field wpforms-field-email\" data-field-id=\"3\"><label class=\"wpforms-field-label\" for=\"wpforms-172-field_3\">Email <span class=\"wpforms-required-label\" aria-hidden=\"true\">*<\/span><\/label><input type=\"email\" id=\"wpforms-172-field_3\" class=\"wpforms-field-medium wpforms-field-required\" name=\"wpforms[fields][3]\" spellcheck=\"false\" aria-errormessage=\"wpforms-172-field_3-error\" required><\/div><\/div><!-- .wpforms-field-container --><div class=\"wpforms-submit-container\" ><input type=\"hidden\" name=\"wpforms[id]\" value=\"172\"><input type=\"hidden\" name=\"page_title\" value=\"\"><input type=\"hidden\" name=\"page_url\" value=\"https:\/\/somoswatsonville.com\/es\/wp-json\/wp\/v2\/pages\/32\"><input type=\"hidden\" name=\"url_referer\" value=\"\"><button type=\"submit\" name=\"wpforms[submit]\" id=\"wpforms-submit-172\" class=\"wpforms-submit\" data-alt-text=\"Sending...\" data-submit-text=\"Submit\" aria-live=\"assertive\" value=\"wpforms-submit\">Enviar<\/button><img loading=\"lazy\" decoding=\"async\" src=\"https:\/\/somoswatsonville.com\/wp-content\/plugins\/wpforms-lite\/assets\/images\/submit-spin.svg\" class=\"wpforms-submit-spinner\" style=\"display: none;\" width=\"26\" height=\"26\" alt=\"Cargando\"><\/div><input type=\"hidden\" name=\"trp-form-language\" value=\"es\"\/><\/form><\/div>  <!-- .wpforms-container -->","protected":false},"excerpt":{"rendered":"<p>Volunteer with Us However you want to help, there is a place for you here.\u00a0<\/p>","protected":false},"author":1,"featured_media":0,"parent":0,"menu_order":0,"comment_status":"closed","ping_status":"closed","template":"","meta":{"footnotes":""},"class_list":["post-32","page","type-page","status-publish","hentry"],"_links":{"self":[{"href":"https:\/\/somoswatsonville.com\/es\/wp-json\/wp\/v2\/pages\/32","targetHints":{"allow":["GET"]}}],"collection":[{"href":"https:\/\/somoswatsonville.com\/es\/wp-json\/wp\/v2\/pages"}],"about":[{"href":"https:\/\/somoswatsonville.com\/es\/wp-json\/wp\/v2\/types\/page"}],"author":[{"embeddable":true,"href":"https:\/\/somoswatsonville.com\/es\/wp-json\/wp\/v2\/users\/1"}],"replies":[{"embeddable":true,"href":"https:\/\/somoswatsonville.com\/es\/wp-json\/wp\/v2\/comments?post=32"}],"version-history":[{"count":0,"href":"https:\/\/somoswatsonville.com\/es\/wp-json\/wp\/v2\/pages\/32\/revisions"}],"wp:attachment":[{"href":"https:\/\/somoswatsonville.com\/es\/wp-json\/wp\/v2\/media?parent=32"}],"curies":[{"name":"wp","href":"https:\/\/api.w.org\/{rel}","templated":true}]}}